{"id":6993,"date":"2020-08-26T05:54:17","date_gmt":"2020-08-26T11:54:17","guid":{"rendered":"https:\/\/salvavidascr.com\/contact-us\/"},"modified":"2025-11-25T18:12:37","modified_gmt":"2025-11-26T00:12:37","slug":"contact-us","status":"publish","type":"page","link":"https:\/\/gruposalvavidas.com\/en\/contact-us\/","title":{"rendered":"Contact Us"},"content":{"rendered":"\t\t<div data-elementor-type=\"wp-page\" data-elementor-id=\"6993\" class=\"elementor elementor-6993\">\n\t\t\t\t\t\t<section class=\"elementor-section elementor-top-section elementor-element elementor-element-17d4b9d6 elementor-section-boxed elementor-section-height-default elementor-section-height-default\" data-id=\"17d4b9d6\" data-element_type=\"section\" data-e-type=\"section\" data-settings=\"{&quot;background_background&quot;:&quot;classic&quot;}\">\n\t\t\t\t\t\t\t<div class=\"elementor-background-overlay\"><\/div>\n\t\t\t\t\t\t\t<div class=\"elementor-container elementor-column-gap-default\">\n\t\t\t\t\t<div class=\"elementor-column elementor-col-100 elementor-top-column elementor-element elementor-element-29ca4083\" data-id=\"29ca4083\" data-element_type=\"column\" data-e-type=\"column\" data-settings=\"{&quot;background_background&quot;:&quot;classic&quot;}\">\n\t\t\t<div class=\"elementor-widget-wrap elementor-element-populated\">\n\t\t\t\t\t\t<div class=\"elementor-element elementor-element-725417a elementor-widget elementor-widget-spacer\" data-id=\"725417a\" data-element_type=\"widget\" data-e-type=\"widget\" data-widget_type=\"spacer.default\">\n\t\t\t\t<div class=\"elementor-widget-container\">\n\t\t\t\t\t\t\t<div class=\"elementor-spacer\">\n\t\t\t<div class=\"elementor-spacer-inner\"><\/div>\n\t\t<\/div>\n\t\t\t\t\t\t<\/div>\n\t\t\t\t<\/div>\n\t\t\t\t<div class=\"elementor-element elementor-element-2456bb2f elementor-widget elementor-widget-heading bdevs-el heading\" data-id=\"2456bb2f\" data-element_type=\"widget\" data-e-type=\"widget\" data-settings=\"{&quot;design_style&quot;:&quot;style_1&quot;}\" data-widget_type=\"heading.default\">\n\t\t\t\t<div class=\"elementor-widget-container\">\n\t\t\t\t\t\r\n                <div class=\"container\">\r\n            <div class=\"row\">\r\n                <div class=\"col-12\">\r\n                    <div class=\"title_style1 position-relative bdevs-el-content\">\r\n                                                          <h5 class=\"sub-title bdevs-el-subtitle\">WE WANT TO KNOW YOUR PROJECT<\/h5>\r\n                        \r\n                        <h2 class=\"section-title bdevs-el-title\">VISIT US<\/h2>                        \r\n                                            <\/div>\r\n                <\/div>\r\n            <\/div>\r\n        <\/div>\r\n\r\n\r\n        \r\n        \r\n        \t\t\t\t<\/div>\n\t\t\t\t<\/div>\n\t\t\t\t\t<\/div>\n\t\t<\/div>\n\t\t\t\t\t<\/div>\n\t\t<\/section>\n\t\t\t\t<section class=\"elementor-section elementor-top-section elementor-element elementor-element-2fb5f2d9 elementor-section-boxed elementor-section-height-default elementor-section-height-default\" data-id=\"2fb5f2d9\" data-element_type=\"section\" data-e-type=\"section\" data-settings=\"{&quot;background_background&quot;:&quot;classic&quot;}\">\n\t\t\t\t\t\t<div class=\"elementor-container elementor-column-gap-default\">\n\t\t\t\t\t<div class=\"elementor-column elementor-col-100 elementor-top-column elementor-element elementor-element-5efbcc18\" data-id=\"5efbcc18\" data-element_type=\"column\" data-e-type=\"column\">\n\t\t\t<div class=\"elementor-widget-wrap elementor-element-populated\">\n\t\t\t\t\t\t<div class=\"elementor-element elementor-element-19219a7a elementor-tabs-view-vertical elementor-widget elementor-widget-tabs\" data-id=\"19219a7a\" data-element_type=\"widget\" data-e-type=\"widget\" data-widget_type=\"tabs.default\">\n\t\t\t\t<div class=\"elementor-widget-container\">\n\t\t\t\t\t\t\t<div class=\"elementor-tabs\">\n\t\t\t<div class=\"elementor-tabs-wrapper\" role=\"tablist\" >\n\t\t\t\t\t\t\t\t\t<div id=\"elementor-tab-title-4211\" class=\"elementor-tab-title elementor-tab-desktop-title\" aria-selected=\"true\" data-tab=\"1\" role=\"tab\" tabindex=\"0\" aria-controls=\"elementor-tab-content-4211\" aria-expanded=\"false\">COSTA RICA<\/div>\n\t\t\t\t\t\t\t\t\t<div id=\"elementor-tab-title-4212\" class=\"elementor-tab-title elementor-tab-desktop-title\" aria-selected=\"false\" data-tab=\"2\" role=\"tab\" tabindex=\"-1\" aria-controls=\"elementor-tab-content-4212\" aria-expanded=\"false\">HONDURAS<\/div>\n\t\t\t\t\t\t\t\t\t<div id=\"elementor-tab-title-4213\" class=\"elementor-tab-title elementor-tab-desktop-title\" aria-selected=\"false\" data-tab=\"3\" role=\"tab\" tabindex=\"-1\" aria-controls=\"elementor-tab-content-4213\" aria-expanded=\"false\">EL SALVADOR<\/div>\n\t\t\t\t\t\t\t<\/div>\n\t\t\t<div class=\"elementor-tabs-content-wrapper\" role=\"tablist\" aria-orientation=\"vertical\">\n\t\t\t\t\t\t\t\t\t<div class=\"elementor-tab-title elementor-tab-mobile-title\" aria-selected=\"true\" data-tab=\"1\" role=\"tab\" tabindex=\"0\" aria-controls=\"elementor-tab-content-4211\" aria-expanded=\"false\">COSTA RICA<\/div>\n\t\t\t\t\t<div id=\"elementor-tab-content-4211\" class=\"elementor-tab-content elementor-clearfix\" data-tab=\"1\" role=\"tabpanel\" aria-labelledby=\"elementor-tab-title-4211\" tabindex=\"0\" hidden=\"false\"><p><a class=\"whatsapp_\" href=\"https:\/\/wa.me\/message\/A3YVQPTMXDPQC1\" target=\"_blank\" rel=\"noopener\"><img decoding=\"async\" src=\"https:\/\/salvavidascr.com\/wp-content\/uploads\/2023\/09\/whatsApp.svg\"><\/a><\/p>\n<h2>Salvavidas de Centroam\u00e9rica<\/h2>\n<h6><em>(H<b><i>eadquarters<\/i><\/b>)<\/em><\/h6>\n<h6><a href=\"http:\/\/salvavidascr.com\/wp-content\/uploads\/2022\/09\/telephone-e1664168823927.png\"><img decoding=\"async\" class=\"alignnone wp-image-5257 \" src=\"http:\/\/salvavidascr.com\/wp-content\/uploads\/2022\/09\/telephone-300x300.png\" alt=\"\" width=\"30\" height=\"30\"><\/a>&nbsp; (+506) 2293-1248<\/h6>\n<h6><a href=\"http:\/\/salvavidascr.com\/wp-content\/uploads\/2022\/09\/whatsapp.png\"><img decoding=\"async\" class=\"alignnone wp-image-5262 \" src=\"http:\/\/salvavidascr.com\/wp-content\/uploads\/2022\/09\/whatsapp-300x300.png\" alt=\"\" width=\"40\" height=\"40\" srcset=\"https:\/\/gruposalvavidas.com\/wp-content\/uploads\/2022\/09\/whatsapp-300x300.png 300w, https:\/\/gruposalvavidas.com\/wp-content\/uploads\/2022\/09\/whatsapp-150x150.png 150w, https:\/\/gruposalvavidas.com\/wp-content\/uploads\/2022\/09\/whatsapp.png 512w\" sizes=\"(max-width: 40px) 100vw, 40px\" \/><\/a>&nbsp; <a href=\"https:\/\/wa.me\/message\/A3YVQPTMXDPQC1\" target=\"_blank\" rel=\"noopener\">(+506) 7042-2605<\/a><\/h6>\n<h6><a href=\"http:\/\/salvavidascr.com\/wp-content\/uploads\/2022\/09\/location.png\"><img decoding=\"async\" class=\"alignnone wp-image-5256 \" src=\"http:\/\/salvavidascr.com\/wp-content\/uploads\/2022\/09\/location-300x300.png\" alt=\"\" width=\"40\" height=\"40\"><\/a> 50m E. de Rex Cargo, La Asunci\u00f3n, Bel\u00e9n Heredia, Costa Rica<\/h6>\n<h6><a href=\"http:\/\/salvavidascr.com\/wp-content\/uploads\/2022\/09\/email.png\"><img loading=\"lazy\" decoding=\"async\" class=\"alignnone wp-image-5255\" src=\"http:\/\/salvavidascr.com\/wp-content\/uploads\/2022\/09\/email-300x300.png\" alt=\"\" width=\"45\" height=\"45\" srcset=\"https:\/\/gruposalvavidas.com\/wp-content\/uploads\/2022\/09\/email-300x300.png 300w, https:\/\/gruposalvavidas.com\/wp-content\/uploads\/2022\/09\/email-150x150.png 150w, https:\/\/gruposalvavidas.com\/wp-content\/uploads\/2022\/09\/email.png 512w\" sizes=\"(max-width: 45px) 100vw, 45px\" \/><\/a>&nbsp; <a href=\"mailto:ventas@salvavidasca.com\" target=\"_blank\" rel=\"noopener\">info@gruposalvavidas.com<\/a><\/h6>\n<p><a href=\"https:\/\/goo.gl\/maps\/aY4y74A6JvxcwEvW8\" target=\"_blank\" rel=\"noopener\"><img loading=\"lazy\" decoding=\"async\" class=\"alignnone wp-image-5265 size-large\" src=\"http:\/\/salvavidascr.com\/wp-content\/uploads\/2022\/09\/Salvavidas-Costa-Rica-1024x576.jpg\" alt=\"Direcci\u00f3n Salvavidas Costa Rica\" width=\"640\" height=\"360\" srcset=\"https:\/\/gruposalvavidas.com\/wp-content\/uploads\/2022\/09\/Salvavidas-Costa-Rica-1024x576.jpg 1024w, https:\/\/gruposalvavidas.com\/wp-content\/uploads\/2022\/09\/Salvavidas-Costa-Rica-300x169.jpg 300w, https:\/\/gruposalvavidas.com\/wp-content\/uploads\/2022\/09\/Salvavidas-Costa-Rica-768x432.jpg 768w, https:\/\/gruposalvavidas.com\/wp-content\/uploads\/2022\/09\/Salvavidas-Costa-Rica.jpg 1280w\" sizes=\"(max-width: 640px) 100vw, 640px\" \/><\/a><\/p><\/div>\n\t\t\t\t\t\t\t\t\t<div class=\"elementor-tab-title elementor-tab-mobile-title\" aria-selected=\"false\" data-tab=\"2\" role=\"tab\" tabindex=\"-1\" aria-controls=\"elementor-tab-content-4212\" aria-expanded=\"false\">HONDURAS<\/div>\n\t\t\t\t\t<div id=\"elementor-tab-content-4212\" class=\"elementor-tab-content elementor-clearfix\" data-tab=\"2\" role=\"tabpanel\" aria-labelledby=\"elementor-tab-title-4212\" tabindex=\"0\" hidden=\"hidden\"><p><a class=\"whatsapp_\" href=\"https:\/\/wa.me\/message\/5OACAB4PGLYXO1\" target=\"_blank\" rel=\"noopener\"><img decoding=\"async\" src=\"https:\/\/salvavidascr.com\/wp-content\/uploads\/2023\/09\/whatsApp.svg\"><\/a><\/p>\n<h2>Salvavidas Honduras Fire Protection<\/h2>\n<h6><a href=\"http:\/\/salvavidascr.com\/wp-content\/uploads\/2022\/09\/telephone-e1664168823927.png\"><img loading=\"lazy\" decoding=\"async\" class=\"alignnone wp-image-5257 \" src=\"http:\/\/salvavidascr.com\/wp-content\/uploads\/2022\/09\/telephone-300x300.png\" alt=\"\" width=\"37\" height=\"37\"> &nbsp; &nbsp;<\/a>(+503) 2552-3512<\/h6>\n<h6><a href=\"http:\/\/salvavidascr.com\/wp-content\/uploads\/2022\/09\/whatsapp.png\"><img decoding=\"async\" class=\"alignnone wp-image-5262 \" src=\"http:\/\/salvavidascr.com\/wp-content\/uploads\/2022\/09\/whatsapp-300x300.png\" alt=\"\" width=\"40\" height=\"40\" srcset=\"https:\/\/gruposalvavidas.com\/wp-content\/uploads\/2022\/09\/whatsapp-300x300.png 300w, https:\/\/gruposalvavidas.com\/wp-content\/uploads\/2022\/09\/whatsapp-150x150.png 150w, https:\/\/gruposalvavidas.com\/wp-content\/uploads\/2022\/09\/whatsapp.png 512w\" sizes=\"(max-width: 40px) 100vw, 40px\" \/><\/a>&nbsp; <a href=\"https:\/\/wa.me\/message\/5OACAB4PGLYXO1\" target=\"_blank\" rel=\"noopener\">(+504) 3252-7736<\/a><\/h6>\n<h6><a href=\"http:\/\/salvavidascr.com\/wp-content\/uploads\/2022\/09\/location.png\"><img loading=\"lazy\" decoding=\"async\" class=\"alignnone wp-image-5256 \" src=\"http:\/\/salvavidascr.com\/wp-content\/uploads\/2022\/09\/location-300x300.png\" alt=\"\" width=\"42\" height=\"42\"><\/a> Col. Orqu\u00eddea Blanca, 10 calle, N.O. 21102, San Pedro Sula<\/h6>\n<h6><a href=\"http:\/\/salvavidascr.com\/wp-content\/uploads\/2022\/09\/email.png\"><img loading=\"lazy\" decoding=\"async\" class=\"alignnone wp-image-5255\" src=\"http:\/\/salvavidascr.com\/wp-content\/uploads\/2022\/09\/email-300x300.png\" alt=\"\" width=\"45\" height=\"45\" srcset=\"https:\/\/gruposalvavidas.com\/wp-content\/uploads\/2022\/09\/email-300x300.png 300w, https:\/\/gruposalvavidas.com\/wp-content\/uploads\/2022\/09\/email-150x150.png 150w, https:\/\/gruposalvavidas.com\/wp-content\/uploads\/2022\/09\/email.png 512w\" sizes=\"(max-width: 45px) 100vw, 45px\" \/><\/a>&nbsp; <a href=\"mailto:ventashn@salvavidasca.com\" target=\"_blank\" rel=\"noopener\">ventas.hn@gruposalvavidas.com<\/a><\/h6>\n<div><a href=\"https:\/\/goo.gl\/maps\/v6RPbau2CpaR2peF6\" target=\"_blank\" rel=\"noopener\"><img loading=\"lazy\" decoding=\"async\" class=\"alignnone wp-image-5266 size-large\" src=\"http:\/\/salvavidascr.com\/wp-content\/uploads\/2022\/09\/Salvavidas-Honduras-1-1024x576.jpg\" alt=\"\" width=\"640\" height=\"360\" srcset=\"https:\/\/gruposalvavidas.com\/wp-content\/uploads\/2022\/09\/Salvavidas-Honduras-1-1024x576.jpg 1024w, https:\/\/gruposalvavidas.com\/wp-content\/uploads\/2022\/09\/Salvavidas-Honduras-1-300x169.jpg 300w, https:\/\/gruposalvavidas.com\/wp-content\/uploads\/2022\/09\/Salvavidas-Honduras-1-768x432.jpg 768w, https:\/\/gruposalvavidas.com\/wp-content\/uploads\/2022\/09\/Salvavidas-Honduras-1.jpg 1280w\" sizes=\"(max-width: 640px) 100vw, 640px\" \/><\/a><\/div><\/div>\n\t\t\t\t\t\t\t\t\t<div class=\"elementor-tab-title elementor-tab-mobile-title\" aria-selected=\"false\" data-tab=\"3\" role=\"tab\" tabindex=\"-1\" aria-controls=\"elementor-tab-content-4213\" aria-expanded=\"false\">EL SALVADOR<\/div>\n\t\t\t\t\t<div id=\"elementor-tab-content-4213\" class=\"elementor-tab-content elementor-clearfix\" data-tab=\"3\" role=\"tabpanel\" aria-labelledby=\"elementor-tab-title-4213\" tabindex=\"0\" hidden=\"hidden\"><p><a class=\"whatsapp_\" href=\"https:\/\/wa.me\/message\/K2CX2AY2DC4YE1\" target=\"_blank\" rel=\"noopener\"><img decoding=\"async\" src=\"https:\/\/salvavidascr.com\/wp-content\/uploads\/2023\/09\/whatsApp.svg\"><\/a><\/p>\n<h2>Salvavidas de El Salvador<\/h2>\n<h6><a href=\"http:\/\/salvavidascr.com\/wp-content\/uploads\/2022\/09\/telephone-e1664168823927.png\"><img loading=\"lazy\" decoding=\"async\" class=\"alignnone wp-image-5257 \" src=\"http:\/\/salvavidascr.com\/wp-content\/uploads\/2022\/09\/telephone-300x300.png\" alt=\"\" width=\"37\" height=\"37\"> &nbsp; &nbsp;<\/a>(+503) 2528-2887<\/h6>\n<h6><a href=\"http:\/\/salvavidascr.com\/wp-content\/uploads\/2022\/09\/whatsapp.png\"><img decoding=\"async\" class=\"alignnone wp-image-5262 \" src=\"http:\/\/salvavidascr.com\/wp-content\/uploads\/2022\/09\/whatsapp-300x300.png\" alt=\"\" width=\"40\" height=\"40\" srcset=\"https:\/\/gruposalvavidas.com\/wp-content\/uploads\/2022\/09\/whatsapp-300x300.png 300w, https:\/\/gruposalvavidas.com\/wp-content\/uploads\/2022\/09\/whatsapp-150x150.png 150w, https:\/\/gruposalvavidas.com\/wp-content\/uploads\/2022\/09\/whatsapp.png 512w\" sizes=\"(max-width: 40px) 100vw, 40px\" \/><\/a>&nbsp; <a href=\"https:\/\/wa.me\/message\/K2CX2AY2DC4YE1\" target=\"_blank\" rel=\"noopener\">(+503) 6101-5473<\/a><\/h6>\n<h6><a href=\"http:\/\/salvavidascr.com\/wp-content\/uploads\/2022\/09\/location.png\"><img loading=\"lazy\" decoding=\"async\" class=\"alignnone wp-image-5256 \" src=\"http:\/\/salvavidascr.com\/wp-content\/uploads\/2022\/09\/location-300x300.png\" alt=\"\" width=\"42\" height=\"42\"><\/a> Calle al mirador y 93 Ave. Norte, #4814, Edificio Vittoria, Local 3B, San Salvador<\/h6>\n<h6><a href=\"http:\/\/salvavidascr.com\/wp-content\/uploads\/2022\/09\/email.png\"><img loading=\"lazy\" decoding=\"async\" class=\"alignnone wp-image-5255\" src=\"http:\/\/salvavidascr.com\/wp-content\/uploads\/2022\/09\/email-300x300.png\" alt=\"\" width=\"45\" height=\"45\" srcset=\"https:\/\/gruposalvavidas.com\/wp-content\/uploads\/2022\/09\/email-300x300.png 300w, https:\/\/gruposalvavidas.com\/wp-content\/uploads\/2022\/09\/email-150x150.png 150w, https:\/\/gruposalvavidas.com\/wp-content\/uploads\/2022\/09\/email.png 512w\" sizes=\"(max-width: 45px) 100vw, 45px\" \/><\/a>&nbsp; jcsiguenza<a href=\"mailto:ventas-sv@salvavidasca.com\" target=\"_blank\" rel=\"noopener\">@gruposalvavidas.com<\/a><\/h6>\n<p><a href=\"https:\/\/goo.gl\/maps\/BEpffAZvGnqji5nT6\" target=\"_blank\" rel=\"noopener\"><img loading=\"lazy\" decoding=\"async\" class=\"alignnone wp-image-5544 size-large\" src=\"http:\/\/salvavidascr.com\/wp-content\/uploads\/2022\/10\/sALVAVIDAS-eL-sALVADOR-1024x576.jpg\" alt=\"Direcci\u00f2n Salvavidas El Salvador\" width=\"640\" height=\"360\" srcset=\"https:\/\/gruposalvavidas.com\/wp-content\/uploads\/2022\/10\/sALVAVIDAS-eL-sALVADOR-1024x576.jpg 1024w, https:\/\/gruposalvavidas.com\/wp-content\/uploads\/2022\/10\/sALVAVIDAS-eL-sALVADOR-300x169.jpg 300w, https:\/\/gruposalvavidas.com\/wp-content\/uploads\/2022\/10\/sALVAVIDAS-eL-sALVADOR-768x432.jpg 768w, https:\/\/gruposalvavidas.com\/wp-content\/uploads\/2022\/10\/sALVAVIDAS-eL-sALVADOR.jpg 1280w\" sizes=\"(max-width: 640px) 100vw, 640px\" \/><\/a><\/p><\/div>\n\t\t\t\t\t\t\t<\/div>\n\t\t<\/div>\n\t\t\t\t\t\t<\/div>\n\t\t\t\t<\/div>\n\t\t\t\t<div class=\"elementor-element elementor-element-78da09a elementor-widget elementor-widget-spacer\" data-id=\"78da09a\" data-element_type=\"widget\" data-e-type=\"widget\" data-widget_type=\"spacer.default\">\n\t\t\t\t<div class=\"elementor-widget-container\">\n\t\t\t\t\t\t\t<div class=\"elementor-spacer\">\n\t\t\t<div class=\"elementor-spacer-inner\"><\/div>\n\t\t<\/div>\n\t\t\t\t\t\t<\/div>\n\t\t\t\t<\/div>\n\t\t\t\t\t<\/div>\n\t\t<\/div>\n\t\t\t\t\t<\/div>\n\t\t<\/section>\n\t\t\t\t<section class=\"elementor-section elementor-top-section elementor-element elementor-element-169614c elementor-section-full_width elementor-section-height-default elementor-section-height-default\" data-id=\"169614c\" data-element_type=\"section\" data-e-type=\"section\" data-settings=\"{&quot;background_background&quot;:&quot;classic&quot;}\">\n\t\t\t\t\t\t<div class=\"elementor-container elementor-column-gap-no\">\n\t\t\t\t\t<div class=\"elementor-column elementor-col-100 elementor-top-column elementor-element elementor-element-34ecfd4\" data-id=\"34ecfd4\" data-element_type=\"column\" data-e-type=\"column\">\n\t\t\t<div class=\"elementor-widget-wrap elementor-element-populated\">\n\t\t\t\t\t\t<section class=\"elementor-section elementor-inner-section elementor-element elementor-element-ac58e18 elementor-section-boxed elementor-section-height-default elementor-section-height-default\" data-id=\"ac58e18\" data-element_type=\"section\" data-e-type=\"section\">\n\t\t\t\t\t\t<div class=\"elementor-container elementor-column-gap-default\">\n\t\t\t\t\t<div class=\"elementor-column elementor-col-100 elementor-inner-column elementor-element elementor-element-87b4629\" data-id=\"87b4629\" data-element_type=\"column\" data-e-type=\"column\">\n\t\t\t<div class=\"elementor-widget-wrap elementor-element-populated\">\n\t\t\t\t\t\t<div class=\"elementor-element elementor-element-8a44709 elementor-widget elementor-widget-heading bdevs-el heading\" data-id=\"8a44709\" data-element_type=\"widget\" data-e-type=\"widget\" data-settings=\"{&quot;design_style&quot;:&quot;style_1&quot;}\" data-widget_type=\"heading.default\">\n\t\t\t\t<div class=\"elementor-widget-container\">\n\t\t\t\t\t\r\n                <div class=\"container\">\r\n            <div class=\"row\">\r\n                <div class=\"col-12\">\r\n                    <div class=\"title_style1 position-relative bdevs-el-content\">\r\n                                                          <h5 class=\"sub-title bdevs-el-subtitle\">Let's talk<\/h5>\r\n                        \r\n                        <h2 class=\"section-title bdevs-el-title\">Leave us a message!<\/h2>                        \r\n                                            <\/div>\r\n                <\/div>\r\n            <\/div>\r\n        <\/div>\r\n\r\n\r\n        \r\n        \r\n        \t\t\t\t<\/div>\n\t\t\t\t<\/div>\n\t\t\t\t\t<\/div>\n\t\t<\/div>\n\t\t\t\t\t<\/div>\n\t\t<\/section>\n\t\t\t\t<div class=\"elementor-element elementor-element-7876cfe elementor-widget elementor-widget-cf7 bdevs-el cf7\" data-id=\"7876cfe\" data-element_type=\"widget\" data-e-type=\"widget\" data-settings=\"{&quot;design_style&quot;:&quot;style_1&quot;}\" data-widget_type=\"cf7.default\">\n\t\t\t\t<div class=\"elementor-widget-container\">\n\t\t\t\t\t        \r\n        <div class=\"contact_page1\">\r\n            <div class=\"counter1__wrapper position-relative\">\r\n                <div class=\"container\">\r\n                    <div class=\"row\">\r\n                        <div class=\"col-lg-12\">\r\n                            <div class=\"contact_page1__form\">\r\n                                \n<div class=\"wpcf7 no-js\" id=\"wpcf7-f7255-o1\" lang=\"en-US\" dir=\"ltr\" data-wpcf7-id=\"7255\">\n<div class=\"screen-reader-response\"><p role=\"status\" aria-live=\"polite\" aria-atomic=\"true\"><\/p> <ul><\/ul><\/div>\n<form action=\"\/en\/wp-json\/wp\/v2\/pages\/6993#wpcf7-f7255-o1\" method=\"post\" class=\"wpcf7-form init bdevs-cf7-form\" aria-label=\"Contact form\" novalidate=\"novalidate\" data-status=\"init\">\n<fieldset class=\"hidden-fields-container\"><input type=\"hidden\" name=\"_wpcf7\" value=\"7255\" \/><input type=\"hidden\" name=\"_wpcf7_version\" value=\"6.1.5\" \/><input type=\"hidden\" name=\"_wpcf7_locale\" value=\"en_US\" \/><input type=\"hidden\" name=\"_wpcf7_unit_tag\" value=\"wpcf7-f7255-o1\" \/><input type=\"hidden\" name=\"_wpcf7_container_post\" value=\"0\" \/><input type=\"hidden\" name=\"_wpcf7_posted_data_hash\" value=\"\" \/><input type=\"hidden\" name=\"_wpcf7_recaptcha_response\" value=\"\" \/>\n<\/fieldset>\n<div class=\"row mb-30\">\n\t<div class=\"col-xl-6\">\n\t\t<div class=\"contact_page1__item\">\n\t\t\t<p><span class=\"wpcf7-form-control-wrap\" data-name=\"text-190\"><input size=\"40\" maxlength=\"400\" class=\"wpcf7-form-control wpcf7-text wpcf7-validates-as-required form-control jltrs\" aria-required=\"true\" aria-invalid=\"false\" placeholder=\"Full Name\" value=\"\" type=\"text\" name=\"text-190\" \/><\/span><i class=\"far fa-user\"><\/i>\n\t\t\t<\/p>\n\t\t<\/div>\n\t<\/div>\n\t<div class=\"col-xl-6\">\n\t\t<div class=\"contact_page1__item\">\n\t\t\t<p><span class=\"wpcf7-form-control-wrap\" data-name=\"y-email\"><input size=\"40\" maxlength=\"400\" class=\"wpcf7-form-control wpcf7-email wpcf7-validates-as-required wpcf7-text wpcf7-validates-as-email form-control nEspacio\" aria-required=\"true\" aria-invalid=\"false\" placeholder=\"Email\" value=\"\" type=\"email\" name=\"y-email\" \/><\/span><i class=\"far fa-envelope\"><\/i>\n\t\t\t<\/p>\n\t\t<\/div>\n\t<\/div>\n\t<div class=\"col-xl-6\">\n\t\t<div class=\"contact_page1__item\">\n\t\t\t<p><span class=\"wpcf7-form-control-wrap\" data-name=\"y-tel\"><input size=\"40\" maxlength=\"400\" class=\"wpcf7-form-control wpcf7-tel wpcf7-validates-as-required wpcf7-text wpcf7-validates-as-tel form-control jnbrs\" aria-required=\"true\" aria-invalid=\"false\" placeholder=\"Phone\" value=\"\" type=\"tel\" name=\"y-tel\" \/><\/span><i class=\"far fa-phone\"><\/i>\n\t\t\t<\/p>\n\t\t<\/div>\n\t<\/div>\n\t<div class=\"col-xl-6\">\n\t\t<div class=\"contact_page1__item\">\n\t\t\t<p><span class=\"wpcf7-form-control-wrap\" data-name=\"menu-890\"><select class=\"wpcf7-form-control wpcf7-select wpcf7-validates-as-required\" aria-required=\"true\" aria-invalid=\"false\" name=\"menu-890\"><option value=\"Select country\">Select country<\/option><option value=\"Costa Rica\">Costa Rica<\/option><option value=\"Honduras\">Honduras<\/option><option value=\"Panam\u00e1\">Panam\u00e1<\/option><option value=\"El Salvador\">El Salvador<\/option><option value=\"Other country\">Other country<\/option><\/select><\/span><br \/>\n<i class=\"\"><\/i>\n\t\t\t<\/p>\n\t\t<\/div>\n\t\t<div class=\"correo_\" style=\"display:none;\">\n\t\t\t<p><span class=\"wpcf7-form-control-wrap\" data-name=\"envio\"><input size=\"40\" maxlength=\"400\" class=\"wpcf7-form-control wpcf7-email wpcf7-text wpcf7-validates-as-email\" aria-invalid=\"false\" value=\"\" type=\"email\" name=\"envio\" \/><\/span>\n\t\t\t<\/p>\n\t\t<\/div>\n\t<\/div>\n\t<div class=\"col-xl-12 mb-30\">\n\t\t<div class=\"contact_page1__item\">\n\t\t\t<p><span class=\"wpcf7-form-control-wrap\" data-name=\"services\"><select class=\"wpcf7-form-control wpcf7-select wpcf7-validates-as-required\" aria-required=\"true\" aria-invalid=\"false\" name=\"services\"><option value=\"Select service\">Select service<\/option><option value=\"Risk assessment\">Risk assessment<\/option><option value=\"Consulting\">Consulting<\/option><option value=\"Design\">Design<\/option><option value=\"Inspection, testing and maintenance of systems\">Inspection, testing and maintenance of systems<\/option><option value=\"Installation\">Installation<\/option><option value=\"Commissioning\">Commissioning<\/option><\/select><\/span>\n\t\t\t<\/p>\n\t\t<\/div>\n\t<\/div>\n\t<div class=\"col-xl-12 text-center\">\n\t\t<div class=\"contact_page1__item contact_page1__textarea\">\n\t\t\t<p><span class=\"wpcf7-form-control-wrap\" data-name=\"y-message\"><textarea cols=\"40\" rows=\"10\" maxlength=\"2000\" class=\"wpcf7-form-control wpcf7-textarea form-control\" aria-invalid=\"false\" placeholder=\"Write your message\" name=\"y-message\"><\/textarea><\/span><i class=\"far fa-edit\"><\/i>\n\t\t\t<\/p>\n\t\t<\/div>\n\t\t<div class=\"col-xl-12 text-center\">\n\t\t\t<p><input class=\"wpcf7-form-control wpcf7-submit has-spinner site__btn1\" type=\"submit\" value=\"Send\" \/>\n\t\t\t<\/p>\n\t\t<\/div>\n\t<\/div>\n<\/div>\n<p><script>\njQuery(document).ready(function(){\njQuery('.jnbrs').on('input', function () { \nthis.value = this.value.replace(\/[^0-9]\/g,'');\n});\njQuery('.jltrs').on('input', function () { \nthis.value = this.value.replace(\/[^a-zA-Z \u00e1\u00e9\u00ed\u00f3\u00fa\u00c1\u00c9\u00cd\u00d3\u00da]\/g,'');\n});\njQuery('.nEspacio').on('input', function () { \nthis.value = this.value.replace(\/ \/g,'');\n});\n});\n<\/script>\n<\/p><div class=\"wpcf7-response-output\" aria-hidden=\"true\"><\/div>\n<\/form>\n<\/div>\n \r\n                            <\/div>\r\n                        <\/div>\r\n                    <\/div>\r\n                <\/div>\r\n            <\/div>\r\n        <\/div>\r\n\r\n          \r\n\r\n        \t\t\t\t<\/div>\n\t\t\t\t<\/div>\n\t\t\t\t\t<\/div>\n\t\t<\/div>\n\t\t\t\t\t<\/div>\n\t\t<\/section>\n\t\t\t\t<\/div>\n\t\t","protected":false},"excerpt":{"rendered":"<p>WE WANT TO KNOW YOUR PROJECT VISIT US COSTA RICA HONDURAS EL SALVADOR COSTA RICA Salvavidas de Centroam\u00e9rica (Headquarters) &nbsp; (+506) 2293-1248 &nbsp; (+506) 7042-2605 50m E. de Rex Cargo, La Asunci\u00f3n, Bel\u00e9n Heredia, Costa Rica &nbsp; info@gruposalvavidas.com HONDURAS Salvavidas Honduras Fire Protection &nbsp; &nbsp;(+503) 2552-3512 &nbsp; (+504) 3252-7736 Col. Orqu\u00eddea Blanca, 10 calle, N.O. [&hellip;]<\/p>\n","protected":false},"author":7,"featured_media":0,"parent":0,"menu_order":0,"comment_status":"closed","ping_status":"closed","template":"elementor_header_footer","meta":{"_acf_changed":false,"footnotes":""},"class_list":["post-6993","page","type-page","status-publish","hentry"],"acf":[],"_links":{"self":[{"href":"https:\/\/gruposalvavidas.com\/en\/wp-json\/wp\/v2\/pages\/6993","targetHints":{"allow":["GET"]}}],"collection":[{"href":"https:\/\/gruposalvavidas.com\/en\/wp-json\/wp\/v2\/pages"}],"about":[{"href":"https:\/\/gruposalvavidas.com\/en\/wp-json\/wp\/v2\/types\/page"}],"author":[{"embeddable":true,"href":"https:\/\/gruposalvavidas.com\/en\/wp-json\/wp\/v2\/users\/7"}],"replies":[{"embeddable":true,"href":"https:\/\/gruposalvavidas.com\/en\/wp-json\/wp\/v2\/comments?post=6993"}],"version-history":[{"count":25,"href":"https:\/\/gruposalvavidas.com\/en\/wp-json\/wp\/v2\/pages\/6993\/revisions"}],"predecessor-version":[{"id":8907,"href":"https:\/\/gruposalvavidas.com\/en\/wp-json\/wp\/v2\/pages\/6993\/revisions\/8907"}],"wp:attachment":[{"href":"https:\/\/gruposalvavidas.com\/en\/wp-json\/wp\/v2\/media?parent=6993"}],"curies":[{"name":"wp","href":"https:\/\/api.w.org\/{rel}","templated":true}]}}