{"id":7158,"date":"2016-05-02T17:30:57","date_gmt":"2016-05-02T17:30:57","guid":{"rendered":"https:\/\/salvavidascr.com\/quotation\/fire-suppression-systems-quotation\/"},"modified":"2023-05-26T16:46:34","modified_gmt":"2023-05-26T16:46:34","slug":"fire-suppression-systems-quotation","status":"publish","type":"page","link":"https:\/\/gruposalvavidas.com\/en\/quotation\/fire-suppression-systems-quotation\/","title":{"rendered":"Fire Suppression Systems Quotation"},"content":{"rendered":"\t\t<div data-elementor-type=\"wp-page\" data-elementor-id=\"7158\" class=\"elementor elementor-7158\">\n\t\t\t\t\t\t<section class=\"elementor-section elementor-top-section elementor-element elementor-element-6cf10eea elementor-section-boxed elementor-section-height-default elementor-section-height-default\" data-id=\"6cf10eea\" data-element_type=\"section\" data-e-type=\"section\">\n\t\t\t\t\t\t<div class=\"elementor-container elementor-column-gap-default\">\n\t\t\t\t\t<div class=\"elementor-column elementor-col-100 elementor-top-column elementor-element elementor-element-2faa7d28\" data-id=\"2faa7d28\" data-element_type=\"column\" data-e-type=\"column\">\n\t\t\t<div class=\"elementor-widget-wrap elementor-element-populated\">\n\t\t\t\t\t\t<div class=\"elementor-element elementor-element-49537338 elementor-widget elementor-widget-cf7 bdevs-el cf7\" data-id=\"49537338\" data-element_type=\"widget\" data-e-type=\"widget\" data-settings=\"{&quot;design_style&quot;:&quot;style_2&quot;}\" data-widget_type=\"cf7.default\">\n\t\t\t\t<div class=\"elementor-widget-container\">\n\t\t\t\t\t                <section class=\"contact-area pt-120 pb-80 fix\">\r\n            <div class=\"container\">\r\n                <div class=\"row\">\r\n                    <div class=\"col-xxl-5 col-xl-6 col-lg-6\">\r\n                        <div class=\"title_style1 p-0\">\r\n                                                        <h5 class=\"text-whites\">Quote form<\/h5>\r\n                            \r\n                            <h1 class=\"text-whites\">Fire Suppression Systems<\/h1>                        <\/div>\r\n                        <div class=\"contact-info mr-50 mr-xs-0  mr-md-0\">\r\n\r\n                                                        <div class=\"single-contact-info d-flex align-items-center\">\r\n                                <div class=\"contact-info-icon\">\r\n                                    <a href=\"tel:+50622931248\">\r\n                                                                                <figure>\r\n                                            <i aria-hidden=\"true\" class=\"fas fa-phone\"><\/i>                                        <\/figure>\r\n                                                                            <\/a>\r\n                                <\/div>\r\n                                <div class=\"contact-info-text mt-10\">\r\n                                                                            <span>Salvavidas Costa Rica<\/span>\r\n                                    \r\n                                                                            <h5><a href=\"tel:+50622931248\">(+506) 2293-1248<\/a><\/h5>\r\n                                                                    <\/div>\r\n                            <\/div>\r\n                                                        <div class=\"single-contact-info d-flex align-items-center\">\r\n                                <div class=\"contact-info-icon\">\r\n                                    <a href=\"tel:+50432527736\">\r\n                                                                                <figure>\r\n                                            <i aria-hidden=\"true\" class=\"fas fa-phone\"><\/i>                                        <\/figure>\r\n                                                                            <\/a>\r\n                                <\/div>\r\n                                <div class=\"contact-info-text mt-10\">\r\n                                                                            <span>Salvavidas Honduras<\/span>\r\n                                    \r\n                                                                            <h5><a href=\"tel:+50432527736\">(+504) 3252-7736<\/a><\/h5>\r\n                                                                    <\/div>\r\n                            <\/div>\r\n                                                        <div class=\"single-contact-info d-flex align-items-center\">\r\n                                <div class=\"contact-info-icon\">\r\n                                    <a href=\"tel:+50325282887\">\r\n                                                                                <figure>\r\n                                            <i aria-hidden=\"true\" class=\"fas fa-phone\"><\/i>                                        <\/figure>\r\n                                                                            <\/a>\r\n                                <\/div>\r\n                                <div class=\"contact-info-text mt-10\">\r\n                                                                            <span>Salvavidas El Salvador<\/span>\r\n                                    \r\n                                                                            <h5><a href=\"tel:+50325282887\">(+503) 2528-2887<\/a><\/h5>\r\n                                                                    <\/div>\r\n                            <\/div>\r\n                                                        <div class=\"single-contact-info d-flex align-items-center\">\r\n                                <div class=\"contact-info-icon\">\r\n                                    <a href=\"tel:+5072358681\">\r\n                                                                                <figure>\r\n                                            <i aria-hidden=\"true\" class=\"fas fa-phone\"><\/i>                                        <\/figure>\r\n                                                                            <\/a>\r\n                                <\/div>\r\n                                <div class=\"contact-info-text mt-10\">\r\n                                                                            <span>FireOut de Panam\u00e1<\/span>\r\n                                    \r\n                                                                            <h5><a href=\"tel:+5072358681\">(+507) 2358681<\/a><\/h5>\r\n                                                                    <\/div>\r\n                            <\/div>\r\n                                                    <\/div>\r\n                    <\/div>\r\n                    <div class=\"col-xxl-7 col-xl-6 col-lg-6\">\r\n                        <div class=\"contact-form s-contact-form\">\r\n                            \n<div class=\"wpcf7 no-js\" id=\"wpcf7-f7163-o1\" lang=\"en-US\" dir=\"ltr\" data-wpcf7-id=\"7163\">\n<div class=\"screen-reader-response\"><p role=\"status\" aria-live=\"polite\" aria-atomic=\"true\"><\/p> <ul><\/ul><\/div>\n<form action=\"\/en\/wp-json\/wp\/v2\/pages\/7158#wpcf7-f7163-o1\" method=\"post\" class=\"wpcf7-form init bdevs-cf7-form\" aria-label=\"Contact form\" enctype=\"multipart\/form-data\" novalidate=\"novalidate\" data-status=\"init\">\n<fieldset class=\"hidden-fields-container\"><input type=\"hidden\" name=\"_wpcf7\" value=\"7163\" \/><input type=\"hidden\" name=\"_wpcf7_version\" value=\"6.1.5\" \/><input type=\"hidden\" name=\"_wpcf7_locale\" value=\"en_US\" \/><input type=\"hidden\" name=\"_wpcf7_unit_tag\" value=\"wpcf7-f7163-o1\" \/><input type=\"hidden\" name=\"_wpcf7_container_post\" value=\"0\" \/><input type=\"hidden\" name=\"_wpcf7_posted_data_hash\" value=\"\" \/><input type=\"hidden\" name=\"_wpcf7_recaptcha_response\" value=\"\" \/>\n<\/fieldset>\n<div class=\"form_eng\">\n\t<p>Full name (Required)\n\t<\/p>\n\t<p><span class=\"wpcf7-form-control-wrap\" data-name=\"your-name\"><input size=\"40\" maxlength=\"400\" class=\"wpcf7-form-control wpcf7-text wpcf7-validates-as-required jltrs\" aria-required=\"true\" aria-invalid=\"false\" value=\"\" type=\"text\" name=\"your-name\" \/><\/span>\n\t<\/p>\n\t<p>Email (Required)\n\t<\/p>\n\t<p><span class=\"wpcf7-form-control-wrap\" data-name=\"your-email\"><input size=\"40\" maxlength=\"400\" class=\"wpcf7-form-control wpcf7-email wpcf7-validates-as-required wpcf7-text wpcf7-validates-as-email nEspacio\" aria-required=\"true\" aria-invalid=\"false\" value=\"\" type=\"email\" name=\"your-email\" \/><\/span>\n\t<\/p>\n\t<p>Phone (Required)\n\t<\/p>\n\t<p><span class=\"wpcf7-form-control-wrap\" data-name=\"your-phone\"><input size=\"40\" maxlength=\"400\" class=\"wpcf7-form-control wpcf7-text wpcf7-validates-as-required jnbrs\" aria-required=\"true\" aria-invalid=\"false\" value=\"\" type=\"text\" name=\"your-phone\" \/><\/span>\n\t<\/p>\n\t<p>Company name\n\t<\/p>\n\t<p><span class=\"wpcf7-form-control-wrap\" data-name=\"name-empresa\"><input size=\"40\" maxlength=\"400\" class=\"wpcf7-form-control wpcf7-text wpcf7-validates-as-required\" aria-required=\"true\" aria-invalid=\"false\" value=\"\" type=\"text\" name=\"name-empresa\" \/><\/span>\n\t<\/p>\n\t<p>Select your country\n\t<\/p>\n\t<p><span class=\"wpcf7-form-control-wrap\" data-name=\"select-pais\"><select class=\"wpcf7-form-control wpcf7-select wpcf7-validates-as-required\" aria-required=\"true\" aria-invalid=\"false\" name=\"select-pais\"><option value=\"Select your country\">Select your country<\/option><option value=\"Costa Rica\">Costa Rica<\/option><option value=\"Honduras\">Honduras<\/option><option value=\"El Salvador\">El Salvador<\/option><option value=\"Panam\u00e1\">Panam\u00e1<\/option><option value=\"Other\">Other<\/option><\/select><\/span>\n\t<\/p>\n\t<div class=\"correo_\" style=\"display:none;\">\n\t\t<p><span class=\"wpcf7-form-control-wrap\" data-name=\"envio\"><input size=\"40\" maxlength=\"400\" class=\"wpcf7-form-control wpcf7-email wpcf7-text wpcf7-validates-as-email\" aria-invalid=\"false\" value=\"\" type=\"email\" name=\"envio\" \/><\/span>\n\t\t<\/p>\n\t<\/div>\n\t<p> Upload plans Maximum 10Mb\n\t<\/p>\n\t<p><span class=\"wpcf7-form-control-wrap\" data-name=\"your-file\"><input size=\"40\" class=\"wpcf7-form-control wpcf7-file\" accept=\"image\/*,.txt,application\/pdf\" aria-invalid=\"false\" type=\"file\" name=\"your-file\" \/><\/span>\n\t<\/p>\n\t<p>Quotation Classification\n\t<\/p>\n\t<div class=\"col-md-6\">\n\t\t<p><span class=\"wpcf7-form-control-wrap\" data-name=\"categoria-categoria\"><span class=\"wpcf7-form-control wpcf7-checkbox wpcf7-validates-as-required\"><span class=\"wpcf7-list-item first\"><input type=\"checkbox\" name=\"categoria-categoria[]\" value=\"Clean Agent Systems.\" \/><span class=\"wpcf7-list-item-label\">Clean Agent Systems.<\/span><\/span><span class=\"wpcf7-list-item\"><input type=\"checkbox\" name=\"categoria-categoria[]\" value=\"Hose Cabinet Systems.\" \/><span class=\"wpcf7-list-item-label\">Hose Cabinet Systems.<\/span><\/span><span class=\"wpcf7-list-item\"><input type=\"checkbox\" name=\"categoria-categoria[]\" value=\"Special Risk Systems.\" \/><span class=\"wpcf7-list-item-label\">Special Risk Systems.<\/span><\/span><span class=\"wpcf7-list-item\"><input type=\"checkbox\" name=\"categoria-categoria[]\" value=\"Automatic Sprinkler Systems.\" \/><span class=\"wpcf7-list-item-label\">Automatic Sprinkler Systems.<\/span><\/span><span class=\"wpcf7-list-item\"><input type=\"checkbox\" name=\"categoria-categoria[]\" value=\"Exterior Network of Pipes and Hydrants.\" \/><span class=\"wpcf7-list-item-label\">Exterior Network of Pipes and Hydrants.<\/span><\/span><span class=\"wpcf7-list-item\"><input type=\"checkbox\" name=\"categoria-categoria[]\" value=\"Equipment supply.\" \/><span class=\"wpcf7-list-item-label\">Equipment supply.<\/span><\/span><span class=\"wpcf7-list-item\"><input type=\"checkbox\" name=\"categoria-categoria[]\" value=\"Fire Pumping Equipment.\" \/><span class=\"wpcf7-list-item-label\">Fire Pumping Equipment.<\/span><\/span><span class=\"wpcf7-list-item\"><input type=\"checkbox\" name=\"categoria-categoria[]\" value=\"Fire Water Storage Tanks.\" \/><span class=\"wpcf7-list-item-label\">Fire Water Storage Tanks.<\/span><\/span><span class=\"wpcf7-list-item last\"><input type=\"checkbox\" name=\"categoria-categoria[]\" value=\"Other.\" \/><span class=\"wpcf7-list-item-label\">Other.<\/span><\/span><\/span><\/span>\n\t\t<\/p>\n\t<\/div>\n\t<p>Additional message (here you can add the link with the plans).\n\t<\/p>\n\t<p><span class=\"wpcf7-form-control-wrap\" data-name=\"your-message\"><textarea cols=\"40\" rows=\"10\" maxlength=\"2000\" class=\"wpcf7-form-control wpcf7-textarea\" aria-invalid=\"false\" name=\"your-message\"><\/textarea><\/span>\n\t<\/p>\n\t<div class=\"col-xl-12 text-center\">\n\t\n\t<\/div>\n\t<div class=\"col-xl-12 text-center\">\n\t\t<div class=\"contact_page1__item contact_page1__textarea\">\n\t\t\t<p><input class=\"wpcf7-form-control wpcf7-submit has-spinner site__btn1\" type=\"submit\" value=\"Send\" \/>\n\t\t\t<\/p>\n\t\t<\/div>\n\t<\/div>\n<\/div>\n<p><script>\njQuery(document).ready(function(){\njQuery('.jnbrs').on('input', function () { \nthis.value = this.value.replace(\/[^0-9]\/g,'');\n});\njQuery('.jltrs').on('input', function () { \nthis.value = this.value.replace(\/[^a-zA-Z \u00e1\u00e9\u00ed\u00f3\u00fa\u00c1\u00c9\u00cd\u00d3\u00da]\/g,'');\n});\njQuery('.nEspacio').on('input', function () { \nthis.value = this.value.replace(\/ \/g,'');\n});\n});\n<\/script>\n<\/p><div class=\"wpcf7-response-output\" aria-hidden=\"true\"><\/div>\n<\/form>\n<\/div>\n \r\n                        <\/div>\r\n                    <\/div>\r\n                <\/div>\r\n            <\/div>\r\n        <\/section>\r\n\r\n          \r\n\r\n        \t\t\t\t<\/div>\n\t\t\t\t<\/div>\n\t\t\t\t\t<\/div>\n\t\t<\/div>\n\t\t\t\t\t<\/div>\n\t\t<\/section>\n\t\t\t\t<\/div>\n\t\t","protected":false},"excerpt":{"rendered":"<p>Quote form Fire Suppression Systems Salvavidas Costa Rica (+506) 2293-1248 Salvavidas Honduras (+504) 3252-7736 Salvavidas El Salvador (+503) 2528-2887 FireOut de Panam\u00e1 (+507) 2358681 Full name (Required) Email (Required) Phone(Required) Company name Select your country Costa RicaHondurasEl SalvadorPanam\u00e1Other Upload plans Maximum 10Mb Quotation Classification Clean Agent Systems.Hose Cabinet Systems.Special Risk Systems.Automatic Sprinkler Systems.Exterior Network of [&hellip;]<\/p>\n","protected":false},"author":7,"featured_media":0,"parent":6848,"menu_order":0,"comment_status":"closed","ping_status":"closed","template":"","meta":{"_acf_changed":false,"footnotes":""},"class_list":["post-7158","page","type-page","status-publish","hentry"],"acf":[],"_links":{"self":[{"href":"https:\/\/gruposalvavidas.com\/en\/wp-json\/wp\/v2\/pages\/7158","targetHints":{"allow":["GET"]}}],"collection":[{"href":"https:\/\/gruposalvavidas.com\/en\/wp-json\/wp\/v2\/pages"}],"about":[{"href":"https:\/\/gruposalvavidas.com\/en\/wp-json\/wp\/v2\/types\/page"}],"author":[{"embeddable":true,"href":"https:\/\/gruposalvavidas.com\/en\/wp-json\/wp\/v2\/users\/7"}],"replies":[{"embeddable":true,"href":"https:\/\/gruposalvavidas.com\/en\/wp-json\/wp\/v2\/comments?post=7158"}],"version-history":[{"count":7,"href":"https:\/\/gruposalvavidas.com\/en\/wp-json\/wp\/v2\/pages\/7158\/revisions"}],"predecessor-version":[{"id":7985,"href":"https:\/\/gruposalvavidas.com\/en\/wp-json\/wp\/v2\/pages\/7158\/revisions\/7985"}],"up":[{"embeddable":true,"href":"https:\/\/gruposalvavidas.com\/en\/wp-json\/wp\/v2\/pages\/6848"}],"wp:attachment":[{"href":"https:\/\/gruposalvavidas.com\/en\/wp-json\/wp\/v2\/media?parent=7158"}],"curies":[{"name":"wp","href":"https:\/\/api.w.org\/{rel}","templated":true}]}}